{"id":17899,"date":"2021-09-16T08:31:01","date_gmt":"2021-09-16T08:31:01","guid":{"rendered":"https:\/\/ahimsaglampingretreats.com\/?page_id=17899"},"modified":"2022-09-26T14:19:12","modified_gmt":"2022-09-26T14:19:12","slug":"host-a-ytt","status":"publish","type":"page","link":"https:\/\/ahimsaglampingretreats.com\/pt\/host-a-ytt\/","title":{"rendered":"Host a YTT"},"content":{"rendered":"<div data-elementor-type=\"wp-page\" data-elementor-id=\"17899\" class=\"elementor elementor-17899\" data-elementor-post-type=\"page\">\n\t\t\t\t\t\t<section class=\"elementor-section elementor-top-section elementor-element elementor-element-ce0ef9b elementor-section-height-full elementor-section-items-bottom elementor-section-content-bottom elementor-section-boxed elementor-section-height-default qodef-elementor-content-no\" data-id=\"ce0ef9b\" data-element_type=\"section\" data-settings=\"{&quot;background_background&quot;:&quot;classic&quot;}\">\n\t\t\t\t\t\t\t<div class=\"elementor-background-overlay\"><\/div>\n\t\t\t\t\t\t\t<div class=\"elementor-container elementor-column-gap-default\">\n\t\t\t\t\t<div class=\"elementor-column elementor-col-100 elementor-top-column elementor-element elementor-element-0b1f30a\" data-id=\"0b1f30a\" data-element_type=\"column\">\n\t\t\t<div class=\"elementor-widget-wrap elementor-element-populated\">\n\t\t\t\t\t\t<div class=\"elementor-element elementor-element-7e9ee37 elementor-widget elementor-widget-image\" data-id=\"7e9ee37\" data-element_type=\"widget\" data-widget_type=\"image.default\">\n\t\t\t\t<div class=\"elementor-widget-container\">\n\t\t\t\t\t\t\t\t\t\t\t\t\t<img decoding=\"async\" src=\"https:\/\/ahimsaglampingretreats.com\/wp-content\/uploads\/elementor\/thumbs\/logo_light2-1-pwcgn03hc71vqymruxkgruqa5dl9amrkdcgr82i5ts.png\" title=\"logo_light2\" alt=\"logo_light2\" loading=\"lazy\" \/>\t\t\t\t\t\t\t\t\t\t\t\t\t<\/div>\n\t\t\t\t<\/div>\n\t\t\t\t<div class=\"elementor-element elementor-element-dd14215 elementor-widget elementor-widget-heading\" data-id=\"dd14215\" data-element_type=\"widget\" data-widget_type=\"heading.default\">\n\t\t\t\t<div class=\"elementor-widget-container\">\n\t\t\t<h2 class=\"elementor-heading-title elementor-size-default\">FORMA\u00c7\u00c3O DE PROFESSORES DE YOGA<\/h2>\t\t<\/div>\n\t\t\t\t<\/div>\n\t\t\t\t\t<\/div>\n\t\t<\/div>\n\t\t\t\t\t<\/div>\n\t\t<\/section>\n\t\t\t\t<section class=\"elementor-section elementor-top-section elementor-element elementor-element-6688a47 elementor-section-boxed elementor-section-height-default elementor-section-height-default qodef-elementor-content-no\" data-id=\"6688a47\" data-element_type=\"section\">\n\t\t\t\t\t\t<div class=\"elementor-container elementor-column-gap-default\">\n\t\t\t\t\t<div class=\"elementor-column elementor-col-33 elementor-top-column elementor-element elementor-element-2186d18\" data-id=\"2186d18\" data-element_type=\"column\">\n\t\t\t<div class=\"elementor-widget-wrap elementor-element-populated\">\n\t\t\t\t\t\t<div class=\"elementor-element elementor-element-3dc47cf elementor-widget elementor-widget-heading\" data-id=\"3dc47cf\" data-element_type=\"widget\" data-widget_type=\"heading.default\">\n\t\t\t\t<div class=\"elementor-widget-container\">\n\t\t\t<h2 class=\"elementor-heading-title elementor-size-default\">Descubra o <br>\ncharme e o conforto  <br>do Ahimsa Glamping<\/h2>\t\t<\/div>\n\t\t\t\t<\/div>\n\t\t\t\t\t<\/div>\n\t\t<\/div>\n\t\t\t\t<div class=\"elementor-column elementor-col-33 elementor-top-column elementor-element elementor-element-fcd337c\" data-id=\"fcd337c\" data-element_type=\"column\">\n\t\t\t<div class=\"elementor-widget-wrap elementor-element-populated\">\n\t\t\t\t\t\t<div class=\"elementor-element elementor-element-74e2536 elementor-widget elementor-widget-image\" data-id=\"74e2536\" data-element_type=\"widget\" data-widget_type=\"image.default\">\n\t\t\t\t<div class=\"elementor-widget-container\">\n\t\t\t\t\t\t\t\t\t\t\t\t\t<img decoding=\"async\" width=\"150\" height=\"150\" src=\"https:\/\/ahimsaglampingretreats.com\/wp-content\/uploads\/2021\/09\/noun_Plant_1604458-150x150.png\" class=\"attachment-thumbnail size-thumbnail wp-image-17465\" alt=\"\" srcset=\"https:\/\/ahimsaglampingretreats.com\/wp-content\/uploads\/2021\/09\/noun_Plant_1604458-150x150.png 150w, https:\/\/ahimsaglampingretreats.com\/wp-content\/uploads\/2021\/09\/noun_Plant_1604458-300x300.png 300w, https:\/\/ahimsaglampingretreats.com\/wp-content\/uploads\/2021\/09\/noun_Plant_1604458-100x100.png 100w\" sizes=\"(max-width: 150px) 100vw, 150px\" \/>\t\t\t\t\t\t\t\t\t\t\t\t\t<\/div>\n\t\t\t\t<\/div>\n\t\t\t\t\t<\/div>\n\t\t<\/div>\n\t\t\t\t<div class=\"elementor-column elementor-col-33 elementor-top-column elementor-element elementor-element-3a3dad6\" data-id=\"3a3dad6\" data-element_type=\"column\">\n\t\t\t<div class=\"elementor-widget-wrap elementor-element-populated\">\n\t\t\t\t\t\t<div class=\"elementor-element elementor-element-6d92c24 elementor-widget elementor-widget-text-editor\" data-id=\"6d92c24\" data-element_type=\"widget\" data-widget_type=\"text-editor.default\">\n\t\t\t\t<div class=\"elementor-widget-container\">\n\t\t\t\t\t\t\t<p>Afaste-se da agita\u00e7\u00e3o e da multid\u00e3o<\/p>\t\t\t\t\t\t<\/div>\n\t\t\t\t<\/div>\n\t\t\t\t<div class=\"elementor-element elementor-element-c148e10 elementor-align-center elementor-widget elementor-widget-button\" data-id=\"c148e10\" data-element_type=\"widget\" data-widget_type=\"button.default\">\n\t\t\t\t<div class=\"elementor-widget-container\">\n\t\t\t\t\t<div class=\"elementor-button-wrapper\">\n\t\t\t<a class=\"elementor-button elementor-button-link elementor-size-md\" href=\"https:\/\/ahimsaglampingretreats.com\/pt\/contact\/\">\n\t\t\t\t\t\t<span class=\"elementor-button-content-wrapper\">\n\t\t\t\t\t\t<span class=\"elementor-button-text\">CONTACTO<\/span>\n\t\t<\/span>\n\t\t\t\t\t<\/a>\n\t\t<\/div>\n\t\t\t\t<\/div>\n\t\t\t\t<\/div>\n\t\t\t\t\t<\/div>\n\t\t<\/div>\n\t\t\t\t\t<\/div>\n\t\t<\/section>\n\t\t\t\t<section class=\"elementor-section elementor-top-section elementor-element elementor-element-0e1b3f7 elementor-section-boxed elementor-section-height-default elementor-section-height-default qodef-elementor-content-no\" data-id=\"0e1b3f7\" data-element_type=\"section\">\n\t\t\t\t\t\t<div class=\"elementor-container elementor-column-gap-default\">\n\t\t\t\t\t<div class=\"elementor-column elementor-col-100 elementor-top-column elementor-element elementor-element-e37b59f\" data-id=\"e37b59f\" data-element_type=\"column\">\n\t\t\t<div class=\"elementor-widget-wrap elementor-element-populated\">\n\t\t\t\t\t\t<div class=\"elementor-element elementor-element-e649b22 elementor--h-position-center elementor--v-position-middle elementor-arrows-position-inside elementor-pagination-position-inside elementor-widget elementor-widget-slides\" data-id=\"e649b22\" data-element_type=\"widget\" data-settings=\"{&quot;transition&quot;:&quot;fade&quot;,&quot;navigation&quot;:&quot;both&quot;,&quot;autoplay&quot;:&quot;yes&quot;,&quot;pause_on_hover&quot;:&quot;yes&quot;,&quot;pause_on_interaction&quot;:&quot;yes&quot;,&quot;autoplay_speed&quot;:5000,&quot;infinite&quot;:&quot;yes&quot;,&quot;transition_speed&quot;:500}\" data-widget_type=\"slides.default\">\n\t\t\t\t<div class=\"elementor-widget-container\">\n\t\t\t\t\t<div class=\"elementor-swiper\">\n\t\t\t<div class=\"elementor-slides-wrapper elementor-main-swiper swiper\" dir=\"ltr\" data-animation=\"fadeInUp\">\n\t\t\t\t<div class=\"swiper-wrapper elementor-slides\">\n\t\t\t\t\t\t\t\t\t\t<div class=\"elementor-repeater-item-f809c85 swiper-slide\"><div class=\"swiper-slide-bg elementor-ken-burns elementor-ken-burns--in\" role=\"img\"><\/div><div class=\"elementor-background-overlay\"><\/div><div class=\"swiper-slide-inner\" ><div class=\"swiper-slide-contents\"><div class=\"elementor-slide-heading\">LOG\u00cdSTICA<\/div><div class=\"elementor-slide-description\">Antes e durante a forma\u00e7\u00e3o,a  nossa equipa assiste com todos os detalhes log\u00edsticos. \nDesde o primeiro contacto para plaeamento de datas, agendamentos, recep\u00e7\u00e3o de alunos e professores, e at\u00e9 reserva de excurs\u00f5es\/passeios locais, n\u00f3s tratamos de tudo.<\/div><div  class=\"elementor-button elementor-slide-button elementor-size-xs\">Click Here<\/div><\/div><\/div><\/div><div class=\"elementor-repeater-item-0a00b0e swiper-slide\"><div class=\"swiper-slide-bg elementor-ken-burns elementor-ken-burns--in\" role=\"img\"><\/div><div class=\"elementor-background-overlay\"><\/div><div class=\"swiper-slide-inner\" ><div class=\"swiper-slide-contents\"><div class=\"elementor-slide-heading\">ALOJAMENTO<\/div><div class=\"elementor-slide-description\">Uma forma\u00e7\u00e3o de professores de yoga (YTT) no Ahimsa Glamping \u00e9 uma experi\u00eancia \u00fanica. \u00c1reas e recantos para ensinar e praticar numa envolvente natural de extrema beleza.\nA tenda de pr\u00e1tica acomoda facilmente 22 pessoas. Todos os acess\u00f3rios: tapetes, blocos, almofadas ser\u00e3o providenciados.<\/div><div  class=\"elementor-button elementor-slide-button elementor-size-xs\">Click Here<\/div><\/div><\/div><\/div><div class=\"elementor-repeater-item-b8191de swiper-slide\"><div class=\"swiper-slide-bg elementor-ken-burns elementor-ken-burns--in\" role=\"img\"><\/div><div class=\"elementor-background-overlay\"><\/div><div class=\"swiper-slide-inner\" ><div class=\"swiper-slide-contents\"><div class=\"elementor-slide-heading\">RESTAURANTE<\/div><div class=\"elementor-slide-description\">Servimos refei\u00e7\u00f5es caseiras, nutritivas e muito saborosas. O servi\u00e7o de catering \u00e9 flex\u00edvel e adapta os menus a qualquer restri\u00e7\u00e3o. Todos os produtos s\u00e3o frescos, e sempre que poss\u00edvel, com origem nas nossas hortas e jardins.<\/div><div  class=\"elementor-button elementor-slide-button elementor-size-xs\">Click Here<\/div><\/div><\/div><\/div>\t\t\t\t<\/div>\n\t\t\t\t\t\t\t\t\t\t\t\t\t\t\t<div class=\"swiper-pagination\"><\/div>\n\t\t\t\t\t\t\t\t\t\t\t\t\t\t\t\t<div class=\"elementor-swiper-button elementor-swiper-button-prev\" role=\"button\" tabindex=\"0\">\n\t\t\t\t\t\t\t<i aria-hidden=\"true\" class=\"eicon-chevron-left\"><\/i>\t\t\t\t\t\t\t<span class=\"elementor-screen-only\">Previous slide<\/span>\n\t\t\t\t\t\t<\/div>\n\t\t\t\t\t\t<div class=\"elementor-swiper-button elementor-swiper-button-next\" role=\"button\" tabindex=\"0\">\n\t\t\t\t\t\t\t<i aria-hidden=\"true\" class=\"eicon-chevron-right\"><\/i>\t\t\t\t\t\t\t<span class=\"elementor-screen-only\">Next slide<\/span>\n\t\t\t\t\t\t<\/div>\n\t\t\t\t\t\t\t\t\t\t\t\t<\/div>\n\t\t<\/div>\n\t\t\t\t<\/div>\n\t\t\t\t<\/div>\n\t\t\t\t\t<\/div>\n\t\t<\/div>\n\t\t\t\t\t<\/div>\n\t\t<\/section>\n\t\t\t\t<\/div>","protected":false},"excerpt":{"rendered":"<p>Host a Yoga Teacher Training Discover the charm and comfort of Ahimsa Glamping Set Yourself Apart From The Crowd ENQUIRY LOGISTICSBefore and throughout your training, our expert team will assist you with all logistical details. From the initial contact to the planning of dates, bookings, welcome students, and arranging local excursions, we\u2019ve got you covered.Click [&hellip;]<\/p>","protected":false},"author":3,"featured_media":0,"parent":0,"menu_order":0,"comment_status":"closed","ping_status":"closed","template":"","meta":{"_acf_changed":false,"footnotes":""},"class_list":["post-17899","page","type-page","status-publish","hentry"],"acf":[],"_links":{"self":[{"href":"https:\/\/ahimsaglampingretreats.com\/pt\/wp-json\/wp\/v2\/pages\/17899","targetHints":{"allow":["GET"]}}],"collection":[{"href":"https:\/\/ahimsaglampingretreats.com\/pt\/wp-json\/wp\/v2\/pages"}],"about":[{"href":"https:\/\/ahimsaglampingretreats.com\/pt\/wp-json\/wp\/v2\/types\/page"}],"author":[{"embeddable":true,"href":"https:\/\/ahimsaglampingretreats.com\/pt\/wp-json\/wp\/v2\/users\/3"}],"replies":[{"embeddable":true,"href":"https:\/\/ahimsaglampingretreats.com\/pt\/wp-json\/wp\/v2\/comments?post=17899"}],"version-history":[{"count":80,"href":"https:\/\/ahimsaglampingretreats.com\/pt\/wp-json\/wp\/v2\/pages\/17899\/revisions"}],"predecessor-version":[{"id":19367,"href":"https:\/\/ahimsaglampingretreats.com\/pt\/wp-json\/wp\/v2\/pages\/17899\/revisions\/19367"}],"wp:attachment":[{"href":"https:\/\/ahimsaglampingretreats.com\/pt\/wp-json\/wp\/v2\/media?parent=17899"}],"curies":[{"name":"wp","href":"https:\/\/api.w.org\/{rel}","templated":true}]}}