{"id":18000,"date":"2021-09-17T11:02:39","date_gmt":"2021-09-17T11:02:39","guid":{"rendered":"https:\/\/ahimsaglampingretreats.com\/?page_id=18000"},"modified":"2022-09-26T14:23:26","modified_gmt":"2022-09-26T14:23:26","slug":"our-tents","status":"publish","type":"page","link":"https:\/\/ahimsaglampingretreats.com\/pt\/our-tents\/","title":{"rendered":"Our Tents"},"content":{"rendered":"<div data-elementor-type=\"wp-page\" data-elementor-id=\"18000\" class=\"elementor elementor-18000\" data-elementor-post-type=\"page\">\n\t\t\t\t\t\t<section class=\"elementor-section elementor-top-section elementor-element elementor-element-9e858cb elementor-section-full_width elementor-section-height-full elementor-section-items-bottom elementor-section-content-bottom elementor-section-stretched elementor-section-height-default qodef-elementor-content-no\" data-id=\"9e858cb\" data-element_type=\"section\" data-settings=\"{&quot;stretch_section&quot;:&quot;section-stretched&quot;,&quot;background_background&quot;:&quot;classic&quot;}\">\n\t\t\t\t\t\t<div class=\"elementor-container elementor-column-gap-default\">\n\t\t\t\t\t<div class=\"elementor-column elementor-col-100 elementor-top-column elementor-element elementor-element-50d2f61\" data-id=\"50d2f61\" data-element_type=\"column\">\n\t\t\t<div class=\"elementor-widget-wrap elementor-element-populated\">\n\t\t\t\t\t\t<div class=\"elementor-element elementor-element-4663991 elementor-widget elementor-widget-image\" data-id=\"4663991\" data-element_type=\"widget\" data-widget_type=\"image.default\">\n\t\t\t\t<div class=\"elementor-widget-container\">\n\t\t\t\t\t\t\t\t\t\t\t\t\t<img decoding=\"async\" src=\"https:\/\/ahimsaglampingretreats.com\/wp-content\/uploads\/elementor\/thumbs\/logo_light2-1-pwcgn03hc71vqymruxkgruqa5dl9amrkdcgr82i5ts.png\" title=\"logo_light2\" alt=\"logo_light2\" loading=\"lazy\" \/>\t\t\t\t\t\t\t\t\t\t\t\t\t<\/div>\n\t\t\t\t<\/div>\n\t\t\t\t<div class=\"elementor-element elementor-element-610a62e elementor-widget elementor-widget-heading\" data-id=\"610a62e\" data-element_type=\"widget\" data-widget_type=\"heading.default\">\n\t\t\t\t<div class=\"elementor-widget-container\">\n\t\t\t<h2 class=\"elementor-heading-title elementor-size-default\">AS NOSSAS TENDAS<\/h2>\t\t<\/div>\n\t\t\t\t<\/div>\n\t\t\t\t\t<\/div>\n\t\t<\/div>\n\t\t\t\t\t<\/div>\n\t\t<\/section>\n\t\t\t\t<section class=\"elementor-section elementor-top-section elementor-element elementor-element-a3f4832 elementor-section-stretched elementor-section-boxed elementor-section-height-default elementor-section-height-default qodef-elementor-content-no\" data-id=\"a3f4832\" data-element_type=\"section\" data-settings=\"{&quot;stretch_section&quot;:&quot;section-stretched&quot;}\">\n\t\t\t\t\t\t<div class=\"elementor-container elementor-column-gap-default\">\n\t\t\t\t\t<div class=\"elementor-column elementor-col-100 elementor-top-column elementor-element elementor-element-a8a7578\" data-id=\"a8a7578\" data-element_type=\"column\">\n\t\t\t<div class=\"elementor-widget-wrap elementor-element-populated\">\n\t\t\t\t\t\t<div class=\"elementor-element elementor-element-cc59f38 elementor-widget elementor-widget-image\" data-id=\"cc59f38\" data-element_type=\"widget\" data-widget_type=\"image.default\">\n\t\t\t\t<div class=\"elementor-widget-container\">\n\t\t\t\t\t\t\t\t\t\t\t\t\t<img decoding=\"async\" width=\"150\" height=\"150\" src=\"https:\/\/ahimsaglampingretreats.com\/wp-content\/uploads\/2021\/09\/noun_Plant_1604458-150x150.png\" class=\"attachment-thumbnail size-thumbnail wp-image-17465\" alt=\"\" srcset=\"https:\/\/ahimsaglampingretreats.com\/wp-content\/uploads\/2021\/09\/noun_Plant_1604458-150x150.png 150w, https:\/\/ahimsaglampingretreats.com\/wp-content\/uploads\/2021\/09\/noun_Plant_1604458-300x300.png 300w, https:\/\/ahimsaglampingretreats.com\/wp-content\/uploads\/2021\/09\/noun_Plant_1604458-100x100.png 100w\" sizes=\"(max-width: 150px) 100vw, 150px\" \/>\t\t\t\t\t\t\t\t\t\t\t\t\t<\/div>\n\t\t\t\t<\/div>\n\t\t\t\t<div class=\"elementor-element elementor-element-4d2f6d0 elementor-widget elementor-widget-text-editor\" data-id=\"4d2f6d0\" data-element_type=\"widget\" data-widget_type=\"text-editor.default\">\n\t\t\t\t<div class=\"elementor-widget-container\">\n\t\t\t\t\t\t\t<p>Todas as nossas tendas safari s\u00e3o confortavelmente decoradas e todas t\u00eam uma piscina privada.<br \/>As tendas est\u00e3o entre vinhas, oliveiras, figueiras, macieiras e cerejeiras numa antiga quinta com cerca de 2 hectares. Um espa\u00e7o verdaedeiramente calmo e espa\u00e7oso.<\/p>\t\t\t\t\t\t<\/div>\n\t\t\t\t<\/div>\n\t\t\t\t\t<\/div>\n\t\t<\/div>\n\t\t\t\t\t<\/div>\n\t\t<\/section>\n\t\t\t\t<section class=\"elementor-section elementor-top-section elementor-element elementor-element-939534a elementor-section-full_width elementor-section-stretched elementor-section-height-default elementor-section-height-default qodef-elementor-content-no\" data-id=\"939534a\" data-element_type=\"section\" data-settings=\"{&quot;stretch_section&quot;:&quot;section-stretched&quot;}\">\n\t\t\t\t\t\t<div class=\"elementor-container elementor-column-gap-default\">\n\t\t\t\t\t<div class=\"elementor-column elementor-col-50 elementor-top-column elementor-element elementor-element-d4a9dc7\" data-id=\"d4a9dc7\" data-element_type=\"column\">\n\t\t\t<div class=\"elementor-widget-wrap elementor-element-populated\">\n\t\t\t\t\t\t<div class=\"elementor-element elementor-element-97ebf8a elementor-widget elementor-widget-image\" data-id=\"97ebf8a\" data-element_type=\"widget\" data-widget_type=\"image.default\">\n\t\t\t\t<div class=\"elementor-widget-container\">\n\t\t\t\t\t\t\t\t\t\t\t\t\t<img fetchpriority=\"high\" decoding=\"async\" width=\"1024\" height=\"713\" src=\"https:\/\/ahimsaglampingretreats.com\/wp-content\/uploads\/2022\/07\/IMG_20220626_103516-scaled-e1657277747731-1024x713.jpg\" class=\"attachment-large size-large wp-image-18839\" alt=\"dome tent\" srcset=\"https:\/\/ahimsaglampingretreats.com\/wp-content\/uploads\/2022\/07\/IMG_20220626_103516-scaled-e1657277747731-1024x713.jpg 1024w, https:\/\/ahimsaglampingretreats.com\/wp-content\/uploads\/2022\/07\/IMG_20220626_103516-scaled-e1657277747731-300x209.jpg 300w, https:\/\/ahimsaglampingretreats.com\/wp-content\/uploads\/2022\/07\/IMG_20220626_103516-scaled-e1657277747731-768x535.jpg 768w, https:\/\/ahimsaglampingretreats.com\/wp-content\/uploads\/2022\/07\/IMG_20220626_103516-scaled-e1657277747731-1536x1070.jpg 1536w, https:\/\/ahimsaglampingretreats.com\/wp-content\/uploads\/2022\/07\/IMG_20220626_103516-scaled-e1657277747731.jpg 1920w\" sizes=\"(max-width: 1024px) 100vw, 1024px\" \/>\t\t\t\t\t\t\t\t\t\t\t\t\t<\/div>\n\t\t\t\t<\/div>\n\t\t\t\t\t<\/div>\n\t\t<\/div>\n\t\t\t\t<div class=\"elementor-column elementor-col-50 elementor-top-column elementor-element elementor-element-2df8ec9\" data-id=\"2df8ec9\" data-element_type=\"column\" data-settings=\"{&quot;background_background&quot;:&quot;classic&quot;}\">\n\t\t\t<div class=\"elementor-widget-wrap elementor-element-populated\">\n\t\t\t\t\t\t<div class=\"elementor-element elementor-element-d39f1df elementor-widget elementor-widget-heading\" data-id=\"d39f1df\" data-element_type=\"widget\" data-widget_type=\"heading.default\">\n\t\t\t\t<div class=\"elementor-widget-container\">\n\t\t\t<h2 class=\"elementor-heading-title elementor-size-default\">AS NOSSAS TENDAS<\/h2>\t\t<\/div>\n\t\t\t\t<\/div>\n\t\t\t\t<div class=\"elementor-element elementor-element-6fb4f12 elementor-widget elementor-widget-heading\" data-id=\"6fb4f12\" data-element_type=\"widget\" data-widget_type=\"heading.default\">\n\t\t\t\t<div class=\"elementor-widget-container\">\n\t\t\t<h2 class=\"elementor-heading-title elementor-size-default\">Tendas confort\u00e1veis<\/h2>\t\t<\/div>\n\t\t\t\t<\/div>\n\t\t\t\t<div class=\"elementor-element elementor-element-ad99b02 elementor-widget elementor-widget-text-editor\" data-id=\"ad99b02\" data-element_type=\"widget\" data-widget_type=\"text-editor.default\">\n\t\t\t\t<div class=\"elementor-widget-container\">\n\t\t\t\t\t\t\t<p>Todas as tendas (4 safari e 1 dome) est\u00e3o equipadas com:<\/p><p>\u2022 2 quartos separados, um com cama de casal e outro com 3 camas individuais.<br \/>\u2022 Sala de estar com cozinha, \u00e1rea de descanso e de refei\u00e7\u00f5es.<br \/>\u2022 Casa de banho com chiveiro, lavat\u00f3rio e wc<br \/>\u2022 Mesa e cadeiras na varanda<br \/>\u2022 Piscina privada e espregui\u00e7adeiras<br \/>\u2022 WiFi<\/p>\t\t\t\t\t\t<\/div>\n\t\t\t\t<\/div>\n\t\t\t\t\t<\/div>\n\t\t<\/div>\n\t\t\t\t\t<\/div>\n\t\t<\/section>\n\t\t\t\t<\/div>","protected":false},"excerpt":{"rendered":"<p>OUR TENTS Our comfortably furnished safari tents all have a beautiful private swimming pool.The tents are located between vines, olive, fig, apple, and cherry trees on a former vineyard of no less than two hectares. A truly peaceful and spacious site. OUR TENTS Our Cozy tents All tents (4 safari + 1 dome) are equipped [&hellip;]<\/p>","protected":false},"author":3,"featured_media":0,"parent":0,"menu_order":0,"comment_status":"closed","ping_status":"closed","template":"","meta":{"_acf_changed":false,"footnotes":""},"class_list":["post-18000","page","type-page","status-publish","hentry"],"acf":[],"_links":{"self":[{"href":"https:\/\/ahimsaglampingretreats.com\/pt\/wp-json\/wp\/v2\/pages\/18000","targetHints":{"allow":["GET"]}}],"collection":[{"href":"https:\/\/ahimsaglampingretreats.com\/pt\/wp-json\/wp\/v2\/pages"}],"about":[{"href":"https:\/\/ahimsaglampingretreats.com\/pt\/wp-json\/wp\/v2\/types\/page"}],"author":[{"embeddable":true,"href":"https:\/\/ahimsaglampingretreats.com\/pt\/wp-json\/wp\/v2\/users\/3"}],"replies":[{"embeddable":true,"href":"https:\/\/ahimsaglampingretreats.com\/pt\/wp-json\/wp\/v2\/comments?post=18000"}],"version-history":[{"count":44,"href":"https:\/\/ahimsaglampingretreats.com\/pt\/wp-json\/wp\/v2\/pages\/18000\/revisions"}],"predecessor-version":[{"id":19376,"href":"https:\/\/ahimsaglampingretreats.com\/pt\/wp-json\/wp\/v2\/pages\/18000\/revisions\/19376"}],"wp:attachment":[{"href":"https:\/\/ahimsaglampingretreats.com\/pt\/wp-json\/wp\/v2\/media?parent=18000"}],"curies":[{"name":"wp","href":"https:\/\/api.w.org\/{rel}","templated":true}]}}