{"id":18008,"date":"2021-09-17T11:03:40","date_gmt":"2021-09-17T11:03:40","guid":{"rendered":"https:\/\/ahimsaglampingretreats.com\/?page_id=18008"},"modified":"2024-04-19T10:56:10","modified_gmt":"2024-04-19T10:56:10","slug":"events","status":"publish","type":"page","link":"https:\/\/ahimsaglampingretreats.com\/pt\/events\/","title":{"rendered":"Eventos"},"content":{"rendered":"<div data-elementor-type=\"wp-page\" data-elementor-id=\"18008\" class=\"elementor elementor-18008\" data-elementor-post-type=\"page\">\n\t\t\t\t\t\t<section class=\"elementor-section elementor-top-section elementor-element elementor-element-5a2c9a8 elementor-section-full_width elementor-section-height-full elementor-section-items-bottom elementor-section-content-bottom elementor-section-stretched elementor-section-height-default qodef-elementor-content-no\" data-id=\"5a2c9a8\" data-element_type=\"section\" data-settings=\"{&quot;stretch_section&quot;:&quot;section-stretched&quot;,&quot;background_background&quot;:&quot;classic&quot;}\">\n\t\t\t\t\t\t<div class=\"elementor-container elementor-column-gap-default\">\n\t\t\t\t\t<div class=\"elementor-column elementor-col-100 elementor-top-column elementor-element elementor-element-22be317\" data-id=\"22be317\" data-element_type=\"column\">\n\t\t\t<div class=\"elementor-widget-wrap elementor-element-populated\">\n\t\t\t\t\t\t<div class=\"elementor-element elementor-element-c186337 elementor-widget elementor-widget-image\" data-id=\"c186337\" data-element_type=\"widget\" data-widget_type=\"image.default\">\n\t\t\t\t<div class=\"elementor-widget-container\">\n\t\t\t\t\t\t\t\t\t\t\t\t\t<img decoding=\"async\" src=\"https:\/\/ahimsaglampingretreats.com\/wp-content\/uploads\/elementor\/thumbs\/logo_light2-1-pwcgn03hc71vqymruxkgruqa5dl9amrkdcgr82i5ts.png\" title=\"logo_light2\" alt=\"logo_light2\" loading=\"lazy\" \/>\t\t\t\t\t\t\t\t\t\t\t\t\t<\/div>\n\t\t\t\t<\/div>\n\t\t\t\t<div class=\"elementor-element elementor-element-d33a526 herocontent elementor-widget elementor-widget-text-editor\" data-id=\"d33a526\" data-element_type=\"widget\" data-widget_type=\"text-editor.default\">\n\t\t\t\t<div class=\"elementor-widget-container\">\n\t\t\t\t\t\t\t<p>EVENTOS<\/p>\t\t\t\t\t\t<\/div>\n\t\t\t\t<\/div>\n\t\t\t\t\t<\/div>\n\t\t<\/div>\n\t\t\t\t\t<\/div>\n\t\t<\/section>\n\t\t\t\t<section class=\"elementor-section elementor-top-section elementor-element elementor-element-7f2c720 elementor-section-stretched elementor-section-boxed elementor-section-height-default elementor-section-height-default qodef-elementor-content-no\" data-id=\"7f2c720\" data-element_type=\"section\" data-settings=\"{&quot;stretch_section&quot;:&quot;section-stretched&quot;}\">\n\t\t\t\t\t\t<div class=\"elementor-container elementor-column-gap-default\">\n\t\t\t\t\t<div class=\"elementor-column elementor-col-100 elementor-top-column elementor-element elementor-element-044ccd5\" data-id=\"044ccd5\" data-element_type=\"column\">\n\t\t\t<div class=\"elementor-widget-wrap elementor-element-populated\">\n\t\t\t\t\t\t<div class=\"elementor-element elementor-element-adb77bc elementor-widget elementor-widget-image\" data-id=\"adb77bc\" data-element_type=\"widget\" data-widget_type=\"image.default\">\n\t\t\t\t<div class=\"elementor-widget-container\">\n\t\t\t\t\t\t\t\t\t\t\t\t\t<img decoding=\"async\" width=\"150\" height=\"150\" src=\"https:\/\/ahimsaglampingretreats.com\/wp-content\/uploads\/2021\/09\/noun_Plant_1604458-150x150.png\" class=\"attachment-thumbnail size-thumbnail wp-image-17465\" alt=\"\" srcset=\"https:\/\/ahimsaglampingretreats.com\/wp-content\/uploads\/2021\/09\/noun_Plant_1604458-150x150.png 150w, https:\/\/ahimsaglampingretreats.com\/wp-content\/uploads\/2021\/09\/noun_Plant_1604458-300x300.png 300w, https:\/\/ahimsaglampingretreats.com\/wp-content\/uploads\/2021\/09\/noun_Plant_1604458-100x100.png 100w\" sizes=\"(max-width: 150px) 100vw, 150px\" \/>\t\t\t\t\t\t\t\t\t\t\t\t\t<\/div>\n\t\t\t\t<\/div>\n\t\t\t\t<div class=\"elementor-element elementor-element-fd2482b elementor-widget elementor-widget-heading\" data-id=\"fd2482b\" data-element_type=\"widget\" data-widget_type=\"heading.default\">\n\t\t\t\t<div class=\"elementor-widget-container\">\n\t\t\t<h2 class=\"elementor-heading-title elementor-size-default\">Junte-se a n\u00f3s para um merecido tempo de descanso,<br> retiros de medita\u00e7\u00e3o e yoga,<br> corporate or family vacation to reconnect...<br>comida fant\u00e1stica e excelente companhia no ambiente perfeito.\n<br><br>Regresse a casa com a sensa\u00e7\u00e3o de esp\u00edrito renovado e inspira\u00e7\u00e3o recalibrada...<\/h2>\t\t<\/div>\n\t\t\t\t<\/div>\n\t\t\t\t<div class=\"elementor-element elementor-element-c8161e8 elementor-widget elementor-widget-text-editor\" data-id=\"c8161e8\" data-element_type=\"widget\" data-widget_type=\"text-editor.default\">\n\t\t\t\t<div class=\"elementor-widget-container\">\n\t\t\t\t\t\t\t<p>Conhe\u00e7a as nossas op\u00e7\u00f5es e escolha a que mais se adequa \u00e0s suas necessidades.<\/p><p>Para mais quest\u00f5es, por favor entre em contacto.<\/p><p><strong>Gostar\u00edamos de v\u00ea-los em breve no Ahimsa Glamping Retreats.<\/strong><\/p>\t\t\t\t\t\t<\/div>\n\t\t\t\t<\/div>\n\t\t\t\t\t<\/div>\n\t\t<\/div>\n\t\t\t\t\t<\/div>\n\t\t<\/section>\n\t\t\t\t<section class=\"elementor-section elementor-top-section elementor-element elementor-element-33a8501 elementor-section-boxed elementor-section-height-default elementor-section-height-default qodef-elementor-content-no\" data-id=\"33a8501\" data-element_type=\"section\">\n\t\t\t\t\t\t<div class=\"elementor-container elementor-column-gap-default\">\n\t\t\t\t\t<div class=\"elementor-column elementor-col-100 elementor-top-column elementor-element elementor-element-4eed63e\" data-id=\"4eed63e\" data-element_type=\"column\">\n\t\t\t<div class=\"elementor-widget-wrap\">\n\t\t\t\t\t\t\t<\/div>\n\t\t<\/div>\n\t\t\t\t\t<\/div>\n\t\t<\/section>\n\t\t\t\t<section class=\"elementor-section elementor-top-section elementor-element elementor-element-6e4cc6f elementor-section-boxed elementor-section-height-default elementor-section-height-default qodef-elementor-content-no\" data-id=\"6e4cc6f\" data-element_type=\"section\">\n\t\t\t\t\t\t<div class=\"elementor-container elementor-column-gap-default\">\n\t\t\t\t\t<div class=\"elementor-column elementor-col-100 elementor-top-column elementor-element elementor-element-96e8484\" data-id=\"96e8484\" data-element_type=\"column\">\n\t\t\t<div class=\"elementor-widget-wrap elementor-element-populated\">\n\t\t\t\t\t\t<div class=\"elementor-element elementor-element-c9e1818 elementor-grid-1 elementor-grid-tablet-2 elementor-grid-mobile-1 elementor-widget elementor-widget-loop-grid\" data-id=\"c9e1818\" data-element_type=\"widget\" data-settings=\"{&quot;template_id&quot;:&quot;19558&quot;,&quot;columns&quot;:1,&quot;_skin&quot;:&quot;post&quot;,&quot;columns_tablet&quot;:&quot;2&quot;,&quot;columns_mobile&quot;:&quot;1&quot;,&quot;edit_handle_selector&quot;:&quot;[data-elementor-type=\\&quot;loop-item\\&quot;]&quot;,&quot;row_gap&quot;:{&quot;unit&quot;:&quot;px&quot;,&quot;size&quot;:&quot;&quot;,&quot;sizes&quot;:[]},&quot;row_gap_tablet&quot;:{&quot;unit&quot;:&quot;px&quot;,&quot;size&quot;:&quot;&quot;,&quot;sizes&quot;:[]},&quot;row_gap_mobile&quot;:{&quot;unit&quot;:&quot;px&quot;,&quot;size&quot;:&quot;&quot;,&quot;sizes&quot;:[]}}\" data-widget_type=\"loop-grid.post\">\n\t\t\t\t<div class=\"elementor-widget-container\">\n\t\t\t\t\t<div class=\"e-loop-nothing-found-message\">\n\t\t<\/div>\n\t\t\t\t<\/div>\n\t\t\t\t<\/div>\n\t\t\t\t\t<\/div>\n\t\t<\/div>\n\t\t\t\t\t<\/div>\n\t\t<\/section>\n\t\t\t\t<\/div>","protected":false},"excerpt":{"rendered":"<p>EVENTS Join us for some well deserved quiet time, yoga and meditation retreats, corporate or family vacation to reconnect&#8230;amazing food, and great company in the perfect setting. Leave refreshed, renewed and inspired\u2026 Check our event options and chose the one that best suits your needs. For further questions, please contact us directly. We\u2019d love to [&hellip;]<\/p>","protected":false},"author":3,"featured_media":0,"parent":0,"menu_order":0,"comment_status":"closed","ping_status":"closed","template":"","meta":{"_acf_changed":false,"footnotes":""},"class_list":["post-18008","page","type-page","status-publish","hentry"],"acf":[],"_links":{"self":[{"href":"https:\/\/ahimsaglampingretreats.com\/pt\/wp-json\/wp\/v2\/pages\/18008","targetHints":{"allow":["GET"]}}],"collection":[{"href":"https:\/\/ahimsaglampingretreats.com\/pt\/wp-json\/wp\/v2\/pages"}],"about":[{"href":"https:\/\/ahimsaglampingretreats.com\/pt\/wp-json\/wp\/v2\/types\/page"}],"author":[{"embeddable":true,"href":"https:\/\/ahimsaglampingretreats.com\/pt\/wp-json\/wp\/v2\/users\/3"}],"replies":[{"embeddable":true,"href":"https:\/\/ahimsaglampingretreats.com\/pt\/wp-json\/wp\/v2\/comments?post=18008"}],"version-history":[{"count":182,"href":"https:\/\/ahimsaglampingretreats.com\/pt\/wp-json\/wp\/v2\/pages\/18008\/revisions"}],"predecessor-version":[{"id":19634,"href":"https:\/\/ahimsaglampingretreats.com\/pt\/wp-json\/wp\/v2\/pages\/18008\/revisions\/19634"}],"wp:attachment":[{"href":"https:\/\/ahimsaglampingretreats.com\/pt\/wp-json\/wp\/v2\/media?parent=18008"}],"curies":[{"name":"wp","href":"https:\/\/api.w.org\/{rel}","templated":true}]}}