{"id":18906,"date":"2022-07-08T16:00:36","date_gmt":"2022-07-08T16:00:36","guid":{"rendered":"https:\/\/ahimsaglampingretreats.com\/?page_id=18906"},"modified":"2022-09-26T14:19:33","modified_gmt":"2022-09-26T14:19:33","slug":"corporate-events","status":"publish","type":"page","link":"https:\/\/ahimsaglampingretreats.com\/pt\/corporate-events\/","title":{"rendered":"Corporate Retreats"},"content":{"rendered":"<div data-elementor-type=\"wp-page\" data-elementor-id=\"18906\" class=\"elementor elementor-18906\" data-elementor-post-type=\"page\">\n\t\t\t\t\t\t<section class=\"elementor-section elementor-top-section elementor-element elementor-element-ce0ef9b elementor-section-height-full elementor-section-items-bottom elementor-section-content-bottom elementor-section-boxed elementor-section-height-default qodef-elementor-content-no\" data-id=\"ce0ef9b\" data-element_type=\"section\" data-settings=\"{&quot;background_background&quot;:&quot;classic&quot;}\">\n\t\t\t\t\t\t\t<div class=\"elementor-background-overlay\"><\/div>\n\t\t\t\t\t\t\t<div class=\"elementor-container elementor-column-gap-default\">\n\t\t\t\t\t<div class=\"elementor-column elementor-col-100 elementor-top-column elementor-element elementor-element-0b1f30a\" data-id=\"0b1f30a\" data-element_type=\"column\">\n\t\t\t<div class=\"elementor-widget-wrap elementor-element-populated\">\n\t\t\t\t\t\t<div class=\"elementor-element elementor-element-7e9ee37 elementor-widget elementor-widget-image\" data-id=\"7e9ee37\" data-element_type=\"widget\" data-widget_type=\"image.default\">\n\t\t\t\t<div class=\"elementor-widget-container\">\n\t\t\t\t\t\t\t\t\t\t\t\t\t<img decoding=\"async\" src=\"https:\/\/ahimsaglampingretreats.com\/wp-content\/uploads\/elementor\/thumbs\/logo_light2-1-pwcgn03hc71vqymruxkgruqa5dl9amrkdcgr82i5ts.png\" title=\"logo_light2\" alt=\"logo_light2\" loading=\"lazy\" \/>\t\t\t\t\t\t\t\t\t\t\t\t\t<\/div>\n\t\t\t\t<\/div>\n\t\t\t\t<div class=\"elementor-element elementor-element-dd14215 elementor-widget elementor-widget-heading\" data-id=\"dd14215\" data-element_type=\"widget\" data-widget_type=\"heading.default\">\n\t\t\t\t<div class=\"elementor-widget-container\">\n\t\t\t<h2 class=\"elementor-heading-title elementor-size-default\">RETIROS EMPRESARIAIS<\/h2>\t\t<\/div>\n\t\t\t\t<\/div>\n\t\t\t\t\t<\/div>\n\t\t<\/div>\n\t\t\t\t\t<\/div>\n\t\t<\/section>\n\t\t\t\t<section class=\"elementor-section elementor-top-section elementor-element elementor-element-6688a47 elementor-section-boxed elementor-section-height-default elementor-section-height-default qodef-elementor-content-no\" data-id=\"6688a47\" data-element_type=\"section\">\n\t\t\t\t\t\t<div class=\"elementor-container elementor-column-gap-default\">\n\t\t\t\t\t<div class=\"elementor-column elementor-col-33 elementor-top-column elementor-element elementor-element-2186d18\" data-id=\"2186d18\" data-element_type=\"column\">\n\t\t\t<div class=\"elementor-widget-wrap elementor-element-populated\">\n\t\t\t\t\t\t<div class=\"elementor-element elementor-element-3dc47cf elementor-widget elementor-widget-heading\" data-id=\"3dc47cf\" data-element_type=\"widget\" data-widget_type=\"heading.default\">\n\t\t\t\t<div class=\"elementor-widget-container\">\n\t\t\t<h2 class=\"elementor-heading-title elementor-size-default\">Traga as suas pessoas para <br>uma escapadela da cidade...<\/h2>\t\t<\/div>\n\t\t\t\t<\/div>\n\t\t\t\t\t<\/div>\n\t\t<\/div>\n\t\t\t\t<div class=\"elementor-column elementor-col-33 elementor-top-column elementor-element elementor-element-fcd337c\" data-id=\"fcd337c\" data-element_type=\"column\">\n\t\t\t<div class=\"elementor-widget-wrap elementor-element-populated\">\n\t\t\t\t\t\t<div class=\"elementor-element elementor-element-74e2536 elementor-widget elementor-widget-image\" data-id=\"74e2536\" data-element_type=\"widget\" data-widget_type=\"image.default\">\n\t\t\t\t<div class=\"elementor-widget-container\">\n\t\t\t\t\t\t\t\t\t\t\t\t\t<img decoding=\"async\" width=\"150\" height=\"150\" src=\"https:\/\/ahimsaglampingretreats.com\/wp-content\/uploads\/2021\/09\/noun_Plant_1604458-150x150.png\" class=\"attachment-thumbnail size-thumbnail wp-image-17465\" alt=\"\" srcset=\"https:\/\/ahimsaglampingretreats.com\/wp-content\/uploads\/2021\/09\/noun_Plant_1604458-150x150.png 150w, https:\/\/ahimsaglampingretreats.com\/wp-content\/uploads\/2021\/09\/noun_Plant_1604458-300x300.png 300w, https:\/\/ahimsaglampingretreats.com\/wp-content\/uploads\/2021\/09\/noun_Plant_1604458-100x100.png 100w\" sizes=\"(max-width: 150px) 100vw, 150px\" \/>\t\t\t\t\t\t\t\t\t\t\t\t\t<\/div>\n\t\t\t\t<\/div>\n\t\t\t\t\t<\/div>\n\t\t<\/div>\n\t\t\t\t<div class=\"elementor-column elementor-col-33 elementor-top-column elementor-element elementor-element-3a3dad6\" data-id=\"3a3dad6\" data-element_type=\"column\">\n\t\t\t<div class=\"elementor-widget-wrap elementor-element-populated\">\n\t\t\t\t\t\t<div class=\"elementor-element elementor-element-6d92c24 elementor-widget elementor-widget-text-editor\" data-id=\"6d92c24\" data-element_type=\"widget\" data-widget_type=\"text-editor.default\">\n\t\t\t\t<div class=\"elementor-widget-container\">\n\t\t\t\t\t\t\t<p>Fortale\u00e7a a moral das suas equipas, melhore a comunica\u00e7\u00e3o, a confian\u00e7a e compromisso das suas pessoas para ajudar a melhorar a performance global do seu neg\u00f3cio.<\/p>\t\t\t\t\t\t<\/div>\n\t\t\t\t<\/div>\n\t\t\t\t<div class=\"elementor-element elementor-element-f3be03c elementor-align-center elementor-widget elementor-widget-button\" data-id=\"f3be03c\" data-element_type=\"widget\" data-widget_type=\"button.default\">\n\t\t\t\t<div class=\"elementor-widget-container\">\n\t\t\t\t\t<div class=\"elementor-button-wrapper\">\n\t\t\t<a class=\"elementor-button elementor-button-link elementor-size-md\" href=\"https:\/\/ahimsaglampingretreats.com\/pt\/contact\/\">\n\t\t\t\t\t\t<span class=\"elementor-button-content-wrapper\">\n\t\t\t\t\t\t<span class=\"elementor-button-text\">CONTACTO<\/span>\n\t\t<\/span>\n\t\t\t\t\t<\/a>\n\t\t<\/div>\n\t\t\t\t<\/div>\n\t\t\t\t<\/div>\n\t\t\t\t\t<\/div>\n\t\t<\/div>\n\t\t\t\t\t<\/div>\n\t\t<\/section>\n\t\t\t\t<section class=\"elementor-section elementor-top-section elementor-element elementor-element-dd37a6f elementor-section-boxed elementor-section-height-default elementor-section-height-default qodef-elementor-content-no\" data-id=\"dd37a6f\" data-element_type=\"section\">\n\t\t\t\t\t\t<div class=\"elementor-container elementor-column-gap-default\">\n\t\t\t\t\t<div class=\"elementor-column elementor-col-100 elementor-top-column elementor-element elementor-element-b8190d1\" data-id=\"b8190d1\" data-element_type=\"column\">\n\t\t\t<div class=\"elementor-widget-wrap elementor-element-populated\">\n\t\t\t\t\t\t<div class=\"elementor-element elementor-element-5dd30a1 elementor--h-position-center elementor--v-position-middle elementor-arrows-position-inside elementor-pagination-position-inside elementor-widget elementor-widget-slides\" data-id=\"5dd30a1\" data-element_type=\"widget\" data-settings=\"{&quot;transition&quot;:&quot;fade&quot;,&quot;navigation&quot;:&quot;both&quot;,&quot;autoplay&quot;:&quot;yes&quot;,&quot;pause_on_hover&quot;:&quot;yes&quot;,&quot;pause_on_interaction&quot;:&quot;yes&quot;,&quot;autoplay_speed&quot;:5000,&quot;infinite&quot;:&quot;yes&quot;,&quot;transition_speed&quot;:500}\" data-widget_type=\"slides.default\">\n\t\t\t\t<div class=\"elementor-widget-container\">\n\t\t\t\t\t<div class=\"elementor-swiper\">\n\t\t\t<div class=\"elementor-slides-wrapper elementor-main-swiper swiper\" dir=\"ltr\" data-animation=\"fadeInUp\">\n\t\t\t\t<div class=\"swiper-wrapper elementor-slides\">\n\t\t\t\t\t\t\t\t\t\t<div class=\"elementor-repeater-item-f809c85 swiper-slide\"><div class=\"swiper-slide-bg elementor-ken-burns elementor-ken-burns--in\" role=\"img\"><\/div><div class=\"elementor-background-overlay\"><\/div><div class=\"swiper-slide-inner\" ><div class=\"swiper-slide-contents\"><div class=\"elementor-slide-heading\">LOG\u00cdSTICA<\/div><div class=\"elementor-slide-description\">Antes e durante a sua estadia, a nossa equipa ajuda em todos os detalhes log\u00edsticos. \nDesde o contacto inicial, ao planeamento de datas e reservas, ou para passeios\/visitas, n\u00f3s tratamos de tudo.<\/div><div  class=\"elementor-button elementor-slide-button elementor-size-xs\">Click Here<\/div><\/div><\/div><\/div><div class=\"elementor-repeater-item-0a00b0e swiper-slide\"><div class=\"swiper-slide-bg elementor-ken-burns elementor-ken-burns--in\" role=\"img\"><\/div><div class=\"elementor-background-overlay\"><\/div><div class=\"swiper-slide-inner\" ><div class=\"swiper-slide-contents\"><div class=\"elementor-slide-heading\">ALOJAMENTO<\/div><div class=\"elementor-slide-description\">Tendas espa\u00e7osas, bonitas e bem decoradas com uma envolvente natural.\nDispomos de uma tenda multiusos  que acomoda cerca de 20 pessoas e que pode ser reservada.<\/div><div  class=\"elementor-button elementor-slide-button elementor-size-xs\">Click Here<\/div><\/div><\/div><\/div><div class=\"elementor-repeater-item-b8191de swiper-slide\"><div class=\"swiper-slide-bg elementor-ken-burns elementor-ken-burns--in\" role=\"img\"><\/div><div class=\"elementor-background-overlay\"><\/div><div class=\"swiper-slide-inner\" ><div class=\"swiper-slide-contents\"><div class=\"elementor-slide-heading\">RESTAURANTE<\/div><div class=\"elementor-slide-description\">Servimos refei\u00e7\u00f5es caseiras, nutritivas e muito saborosas. O servi\u00e7o de catering \u00e9 flex\u00edvel e adapta os menus a qualquer restri\u00e7\u00e3o. Todos os produtos s\u00e3o frescos, e sempre que poss\u00edvel, com origem nas nossas hortas e jardins.<\/div><div  class=\"elementor-button elementor-slide-button elementor-size-xs\">Click Here<\/div><\/div><\/div><\/div>\t\t\t\t<\/div>\n\t\t\t\t\t\t\t\t\t\t\t\t\t\t\t<div class=\"swiper-pagination\"><\/div>\n\t\t\t\t\t\t\t\t\t\t\t\t\t\t\t\t<div class=\"elementor-swiper-button elementor-swiper-button-prev\" role=\"button\" tabindex=\"0\">\n\t\t\t\t\t\t\t<i aria-hidden=\"true\" class=\"eicon-chevron-left\"><\/i>\t\t\t\t\t\t\t<span class=\"elementor-screen-only\">Previous slide<\/span>\n\t\t\t\t\t\t<\/div>\n\t\t\t\t\t\t<div class=\"elementor-swiper-button elementor-swiper-button-next\" role=\"button\" tabindex=\"0\">\n\t\t\t\t\t\t\t<i aria-hidden=\"true\" class=\"eicon-chevron-right\"><\/i>\t\t\t\t\t\t\t<span class=\"elementor-screen-only\">Next slide<\/span>\n\t\t\t\t\t\t<\/div>\n\t\t\t\t\t\t\t\t\t\t\t\t<\/div>\n\t\t<\/div>\n\t\t\t\t<\/div>\n\t\t\t\t<\/div>\n\t\t\t\t\t<\/div>\n\t\t<\/div>\n\t\t\t\t\t<\/div>\n\t\t<\/section>\n\t\t\t\t<\/div>","protected":false},"excerpt":{"rendered":"<p>CORPORATE RETREAT Bring your people in for a city escape&#8230; Boost your teams&#8217; morale, improve communication, rebuild trust, and reengage your people improving your business&#8217; overall performance. ENQUIRY LOGISTICSBefore and throughout your stay, our team will assist you with all logistical details. From the initial contact to the planning of dates, bookings, and arranging local [&hellip;]<\/p>","protected":false},"author":4,"featured_media":0,"parent":0,"menu_order":0,"comment_status":"closed","ping_status":"closed","template":"","meta":{"_acf_changed":false,"footnotes":""},"class_list":["post-18906","page","type-page","status-publish","hentry"],"acf":[],"_links":{"self":[{"href":"https:\/\/ahimsaglampingretreats.com\/pt\/wp-json\/wp\/v2\/pages\/18906","targetHints":{"allow":["GET"]}}],"collection":[{"href":"https:\/\/ahimsaglampingretreats.com\/pt\/wp-json\/wp\/v2\/pages"}],"about":[{"href":"https:\/\/ahimsaglampingretreats.com\/pt\/wp-json\/wp\/v2\/types\/page"}],"author":[{"embeddable":true,"href":"https:\/\/ahimsaglampingretreats.com\/pt\/wp-json\/wp\/v2\/users\/4"}],"replies":[{"embeddable":true,"href":"https:\/\/ahimsaglampingretreats.com\/pt\/wp-json\/wp\/v2\/comments?post=18906"}],"version-history":[{"count":17,"href":"https:\/\/ahimsaglampingretreats.com\/pt\/wp-json\/wp\/v2\/pages\/18906\/revisions"}],"predecessor-version":[{"id":19370,"href":"https:\/\/ahimsaglampingretreats.com\/pt\/wp-json\/wp\/v2\/pages\/18906\/revisions\/19370"}],"wp:attachment":[{"href":"https:\/\/ahimsaglampingretreats.com\/pt\/wp-json\/wp\/v2\/media?parent=18906"}],"curies":[{"name":"wp","href":"https:\/\/api.w.org\/{rel}","templated":true}]}}